{"id":7,"date":"2011-06-22T12:13:55","date_gmt":"2011-06-22T12:13:55","guid":{"rendered":"http:\/\/mindmile.de\/wp\/elz\/?page_id=7"},"modified":"2022-06-30T15:50:08","modified_gmt":"2022-06-30T13:50:08","slug":"impressum","status":"publish","type":"page","link":"https:\/\/elz-architekten.de\/en\/impressum\/","title":{"rendered":"Imprint"},"content":{"rendered":"<p><\/p>\n<div>\n<div>\n<p>Andreas Elz<br \/>\nDipl.-Ing. Architekt BDA<br \/>\nBehlertstra\u00dfe 6b<br \/>\nD-14469 Potsdam, Deutschland<br \/>\nRechtsform: Einzelunternehmer<\/p>\n<p>Telefon: 0331 298 320<br \/>\nTelefax: 0331 298 32 32<br \/>\nE-Mail: info@elz-architekten.de<br \/>\nWeb: www.elz-architekten.de<\/p>\n<p>Eintrag Architektenliste der Brandenburgischen Architektenkammer:<br \/>\nDipl.-Ing. Andreas Elz<br \/>\nBA 2851-04-1-A<br \/>\nDatum der Eintragung: 07.03.2005<br \/>\nZust\u00e4ndige Kammer:<br \/>\nBrandenburgische Architektenkammer<br \/>\nKurf\u00fcrstenstra\u00dfe 52<br \/>\nD-14467 Potsdam<br \/>\nBerufsbezeichnung:<br \/>\nArchitekt<br \/>\n(verliehen in der Bundesrepublik Deutschland)<\/p>\n<p>Haftung:<br \/>\nDie Inhalte externer Links werden von uns nicht gepr\u00fcft. Sie unterliegen der Haftung der jeweiligen Anbieter.<br \/>\nUrheberrechtshinweise:<br \/>\nAlle auf dieser Website ver\u00f6ffentlichten Beitr\u00e4ge und Abbildungen sind urheberrechtlich gesch\u00fctzt.<br \/>\nJede vom Urheberrechtsgesetz nicht zugelassene Verwertung bedarf vorheriger<br \/>\nschriftlicher Zustimmung des Anbieters. Dies gilt insbesondere f\u00fcr Vervielf\u00e4ltigung, Bearbeitung,<br \/>\n\u00dcbersetzung, Einspeicherung, Verarbeitung bzw. Wiedergabe von Inhalten in Datenbanken<br \/>\noder anderen elektronischen Medien und Systemen. Fotokopien und Downloads von Web-<br \/>\nSeiten d\u00fcrfen nur f\u00fcr den pers\u00f6nlichen, privaten und nicht kommerziellen Gebrauch hergestellt<br \/>\nwerden.<\/p>\n<p>Berufshaftpflicht:<br \/>\nGothaer Allgemeine Versicherung, 50598 K\u00f6ln<br \/>\nweltweit, au\u00dfer USA und Canada<\/p>\n<\/div>\n<\/div>\n<p><\/p>","protected":false},"excerpt":{"rendered":"\n\n\nAndreas Elz\nDipl.-Ing. Architekt BDA\nBehlertstra\u00dfe 6b\nD-14469 Potsdam, Deutschland\nRechtsform: Einzelunternehmer\nTelefon: 0331 298 320\nTelefax: 0331 298 32 32\nE-Mail: info@elz-architekten.de\nWeb: www.elz-architekten.de\nEintrag Architektenliste der Brandenburgischen Architektenkammer:\nDipl.-Ing. Andreas Elz\nBA 2851-04-1-A\nDatum der Eintragung: 07.03.2005\nZust\u00e4ndige Kammer:\nBrandenburgische Architektenkammer\nKurf\u00fcrstenstra\u00dfe 52\nD-14467 Potsdam\nBerufsbezeichnung:\nArchitekt\n(verliehen in der Bundesrepublik Deutschland)\nHaftung:\nDie &#8230;","protected":false},"author":4,"featured_media":0,"parent":0,"menu_order":3,"comment_status":"open","ping_status":"open","template":"","meta":[],"_links":{"self":[{"href":"https:\/\/elz-architekten.de\/en\/wp-json\/wp\/v2\/pages\/7"}],"collection":[{"href":"https:\/\/elz-architekten.de\/en\/wp-json\/wp\/v2\/pages"}],"about":[{"href":"https:\/\/elz-architekten.de\/en\/wp-json\/wp\/v2\/types\/page"}],"author":[{"embeddable":true,"href":"https:\/\/elz-architekten.de\/en\/wp-json\/wp\/v2\/users\/4"}],"replies":[{"embeddable":true,"href":"https:\/\/elz-architekten.de\/en\/wp-json\/wp\/v2\/comments?post=7"}],"version-history":[{"count":3,"href":"https:\/\/elz-architekten.de\/en\/wp-json\/wp\/v2\/pages\/7\/revisions"}],"predecessor-version":[{"id":1794,"href":"https:\/\/elz-architekten.de\/en\/wp-json\/wp\/v2\/pages\/7\/revisions\/1794"}],"wp:attachment":[{"href":"https:\/\/elz-architekten.de\/en\/wp-json\/wp\/v2\/media?parent=7"}],"curies":[{"name":"wp","href":"https:\/\/api.w.org\/{rel}","templated":true}]}}